{"id":49,"date":"2020-04-13T11:18:52","date_gmt":"2020-04-13T11:18:52","guid":{"rendered":"http:\/\/hausjessop.com\/about\/"},"modified":"2024-04-22T17:14:00","modified_gmt":"2024-04-22T15:14:00","slug":"about","status":"publish","type":"page","link":"https:\/\/hausjessop.com\/en\/about\/","title":{"rendered":"About"},"content":{"rendered":"<div data-elementor-type=\"wp-page\" data-elementor-id=\"49\" class=\"elementor elementor-49\" data-elementor-settings=\"[]\">\n\t\t\t\t\t\t\t<div class=\"elementor-section-wrap\">\n\t\t\t\t\t\t\t<section class=\"elementor-element elementor-element-5131a13e elementor-section-boxed elementor-section-height-default elementor-section-height-default elementor-section elementor-top-section\" data-id=\"5131a13e\" data-element_type=\"section\" data-settings=\"{&quot;background_background&quot;:&quot;classic&quot;}\">\n\t\t\t\t\t\t\t<div class=\"elementor-background-overlay\"><\/div>\n\t\t\t\t\t\t\t<div class=\"elementor-container elementor-column-gap-default\">\n\t\t\t\t\t<div class=\"elementor-element elementor-element-1053ca7a elementor-column elementor-col-100 elementor-top-column\" data-id=\"1053ca7a\" data-element_type=\"column\">\n\t\t\t<div class=\"elementor-widget-wrap elementor-element-populated\">\n\t\t\t\t\t\t\t\t<div class=\"elementor-element elementor-element-3d99e122 elementor-widget elementor-widget-heading\" data-id=\"3d99e122\" data-element_type=\"widget\" data-widget_type=\"heading.default\">\n\t\t\t\t<div class=\"elementor-widget-container\">\n\t\t\t<h1 class=\"elementor-heading-title elementor-size-default\">About<\/h1>\t\t<\/div>\n\t\t\t\t<\/div>\n\t\t\t\t\t<\/div>\n\t\t<\/div>\n\t\t\t\t\t\t\t<\/div>\n\t\t<\/section>\n\t\t\t\t<section class=\"elementor-element elementor-element-26264cb elementor-section-boxed elementor-section-height-default elementor-section-height-default elementor-section elementor-top-section\" data-id=\"26264cb\" data-element_type=\"section\">\n\t\t\t\t\t\t<div class=\"elementor-container elementor-column-gap-default\">\n\t\t\t\t\t<div class=\"elementor-element elementor-element-ec9f8d1 elementor-column elementor-col-100 elementor-top-column\" data-id=\"ec9f8d1\" data-element_type=\"column\">\n\t\t\t<div class=\"elementor-widget-wrap elementor-element-populated\">\n\t\t\t\t\t\t\t\t<div class=\"elementor-element elementor-element-4e612eb elementor-widget elementor-widget-text-editor\" data-id=\"4e612eb\" data-element_type=\"widget\" data-widget_type=\"text-editor.default\">\n\t\t\t\t<div class=\"elementor-widget-container\">\n\t\t\t\t\t<div class=\"elementor-text-editor elementor-clearfix\"><p>&nbsp; &nbsp;Welcome!<\/p><\/div>\n\t\t\t\t<\/div>\n\t\t\t\t<\/div>\n\t\t\t\t\t<\/div>\n\t\t<\/div>\n\t\t\t\t\t\t\t<\/div>\n\t\t<\/section>\n\t\t\t\t<section class=\"elementor-element elementor-element-adf928f elementor-section-boxed elementor-section-height-default elementor-section-height-default elementor-section elementor-top-section\" data-id=\"adf928f\" data-element_type=\"section\">\n\t\t\t\t\t\t<div class=\"elementor-container elementor-column-gap-default\">\n\t\t\t\t\t<div class=\"elementor-element elementor-element-36ea4c8 elementor-column elementor-col-100 elementor-top-column\" data-id=\"36ea4c8\" data-element_type=\"column\">\n\t\t\t<div class=\"elementor-widget-wrap elementor-element-populated\">\n\t\t\t\t\t\t\t\t<section class=\"elementor-element elementor-element-0c30cde elementor-section-boxed elementor-section-height-default elementor-section-height-default elementor-section elementor-inner-section\" data-id=\"0c30cde\" data-element_type=\"section\">\n\t\t\t\t\t\t<div class=\"elementor-container elementor-column-gap-default\">\n\t\t\t\t\t<div class=\"elementor-element elementor-element-4644a7e elementor-column elementor-col-50 elementor-inner-column\" data-id=\"4644a7e\" data-element_type=\"column\">\n\t\t\t<div class=\"elementor-widget-wrap elementor-element-populated\">\n\t\t\t\t\t\t\t\t<div class=\"elementor-element elementor-element-3f19ac3 elementor-widget elementor-widget-text-editor\" data-id=\"3f19ac3\" data-element_type=\"widget\" data-widget_type=\"text-editor.default\">\n\t\t\t\t<div class=\"elementor-widget-container\">\n\t\t\t\t\t<div class=\"elementor-text-editor elementor-clearfix\"><p>We are very pleased that you have landed on our website. Our small but fine family business always tries to offer all guests the best stay in L\u00fcbeck.\u00a0Which of our apartments do you like best? Each apartment has its own unique ambiance. You have the possibility to choose between two\/- or three-room apartments. All apartments have a fully equipped kitchen, bathroom, living room and one or more bedrooms. They are perfectly equipped for a weekend vacation or for a longer stay in the beautiful city of L\u00fcbeck.<\/p><\/div>\n\t\t\t\t<\/div>\n\t\t\t\t<\/div>\n\t\t\t\t\t<\/div>\n\t\t<\/div>\n\t\t\t\t<div class=\"elementor-element elementor-element-1753981 elementor-column elementor-col-50 elementor-inner-column\" data-id=\"1753981\" data-element_type=\"column\">\n\t\t\t<div class=\"elementor-widget-wrap elementor-element-populated\">\n\t\t\t\t\t\t\t\t<div class=\"elementor-element elementor-element-a52af8a elementor-widget elementor-widget-text-editor\" data-id=\"a52af8a\" data-element_type=\"widget\" data-widget_type=\"text-editor.default\">\n\t\t\t\t<div class=\"elementor-widget-container\">\n\t\t\t\t\t<div class=\"elementor-text-editor elementor-clearfix\"><p><span style=\"font-size: 16px; font-style: normal;\">The apartments are centrally located and only 500 meters from the main train station. L\u00fcbeck's landmark the Holstentor and the city center are within walking distance. Everything you need is close at hand.\u00a0Each apartment is equipped with free WiFi. Bed linen, towels, toilet paper etc. is provided. If you have any other questions, please contact us. We are at your disposal for all questions. Make your stay in L\u00fcbeck unique.\u00a0<\/span><\/p><\/div>\n\t\t\t\t<\/div>\n\t\t\t\t<\/div>\n\t\t\t\t\t<\/div>\n\t\t<\/div>\n\t\t\t\t\t\t\t<\/div>\n\t\t<\/section>\n\t\t\t\t\t<\/div>\n\t\t<\/div>\n\t\t\t\t\t\t\t<\/div>\n\t\t<\/section>\n\t\t\t\t\t\t<\/div>\n\t\t\t\t\t<\/div>","protected":false},"excerpt":{"rendered":"<p>About &nbsp; &nbsp;Herzlich Willkommen Es freut uns sehr, dass Sie auf unserer Website gelandet sind. Unser kleines aber feines Familienunternehmen bem\u00fcht sich stets, allen G\u00e4sten den besten Aufenthalt in L\u00fcbeck zu erm\u00f6glichen.&nbsp;Welche unserer Wohnungen gef\u00e4llt Ihnen am besten? Jedes Apartment hat seinen eigenen Flair. Sie haben die M\u00f6glichkeit, sich zwischen Zwei\/- oder Dreizimmer Wohnungen zu &hellip;<\/p>\n<p class=\"read-more\"> <a class=\"\" href=\"https:\/\/hausjessop.com\/en\/about\/\"> <span class=\"screen-reader-text\">About<\/span> Read More &raquo;<\/a><\/p>","protected":false},"author":1,"featured_media":0,"parent":0,"menu_order":0,"comment_status":"closed","ping_status":"closed","template":"","meta":[],"_links":{"self":[{"href":"https:\/\/hausjessop.com\/en\/wp-json\/wp\/v2\/pages\/49"}],"collection":[{"href":"https:\/\/hausjessop.com\/en\/wp-json\/wp\/v2\/pages"}],"about":[{"href":"https:\/\/hausjessop.com\/en\/wp-json\/wp\/v2\/types\/page"}],"author":[{"embeddable":true,"href":"https:\/\/hausjessop.com\/en\/wp-json\/wp\/v2\/users\/1"}],"replies":[{"embeddable":true,"href":"https:\/\/hausjessop.com\/en\/wp-json\/wp\/v2\/comments?post=49"}],"version-history":[{"count":4,"href":"https:\/\/hausjessop.com\/en\/wp-json\/wp\/v2\/pages\/49\/revisions"}],"predecessor-version":[{"id":447,"href":"https:\/\/hausjessop.com\/en\/wp-json\/wp\/v2\/pages\/49\/revisions\/447"}],"wp:attachment":[{"href":"https:\/\/hausjessop.com\/en\/wp-json\/wp\/v2\/media?parent=49"}],"curies":[{"name":"wp","href":"https:\/\/api.w.org\/{rel}","templated":true}]}}