{"id":277,"date":"2020-09-02T19:39:38","date_gmt":"2020-09-02T17:39:38","guid":{"rendered":"http:\/\/hausjessop.com\/?page_id=277"},"modified":"2020-09-09T15:02:56","modified_gmt":"2020-09-09T13:02:56","slug":"2-stock","status":"publish","type":"page","link":"https:\/\/hausjessop.com\/en\/2-stock\/","title":{"rendered":"2.Stock"},"content":{"rendered":"<div data-elementor-type=\"wp-page\" data-elementor-id=\"277\" class=\"elementor elementor-277\" data-elementor-settings=\"[]\">\n\t\t\t\t\t\t\t<div class=\"elementor-section-wrap\">\n\t\t\t\t\t\t\t<section class=\"elementor-element elementor-element-c3a5e50 elementor-section-boxed elementor-section-height-default elementor-section-height-default elementor-section elementor-top-section\" data-id=\"c3a5e50\" data-element_type=\"section\">\n\t\t\t\t\t\t<div class=\"elementor-container elementor-column-gap-default\">\n\t\t\t\t\t<div class=\"elementor-element elementor-element-5cf71b7 elementor-column elementor-col-100 elementor-top-column\" data-id=\"5cf71b7\" data-element_type=\"column\">\n\t\t\t<div class=\"elementor-widget-wrap elementor-element-populated\">\n\t\t\t\t\t\t\t\t<div class=\"elementor-element elementor-element-fce6917 elementor-widget elementor-widget-text-editor\" data-id=\"fce6917\" data-element_type=\"widget\" data-widget_type=\"text-editor.default\">\n\t\t\t\t<div class=\"elementor-widget-container\">\n\t\t\t\t\t<div class=\"elementor-text-editor elementor-clearfix\"><p>2. Stock Nr.1<\/p><\/div>\n\t\t\t\t<\/div>\n\t\t\t\t<\/div>\n\t\t\t\t\t<\/div>\n\t\t<\/div>\n\t\t\t\t\t\t\t<\/div>\n\t\t<\/section>\n\t\t\t\t<section class=\"elementor-element elementor-element-0df313a elementor-section-boxed elementor-section-height-default elementor-section-height-default elementor-section elementor-top-section\" data-id=\"0df313a\" data-element_type=\"section\">\n\t\t\t\t\t\t<div class=\"elementor-container elementor-column-gap-default\">\n\t\t\t\t\t<div class=\"elementor-element elementor-element-f933cbc elementor-column elementor-col-100 elementor-top-column\" data-id=\"f933cbc\" data-element_type=\"column\">\n\t\t\t<div class=\"elementor-widget-wrap elementor-element-populated\">\n\t\t\t\t\t\t\t\t<div class=\"elementor-element elementor-element-265e9d1 elementor-widget elementor-widget-image-gallery\" data-id=\"265e9d1\" data-element_type=\"widget\" data-widget_type=\"image-gallery.default\">\n\t\t\t\t<div class=\"elementor-widget-container\">\n\t\t\t\t\t<div class=\"elementor-image-gallery\">\n\t\t\t<div id='gallery-1' class='gallery galleryid-277 gallery-columns-4 gallery-size-thumbnail'><figure class='gallery-item'>\n\t\t\t<div class='gallery-icon landscape'>\n\t\t\t\t<a data-elementor-open-lightbox=\"yes\" data-elementor-lightbox-slideshow=\"265e9d1\" data-elementor-lightbox-title=\"Bathroom 1 Fish\" href='https:\/\/hausjessop.com\/wp-content\/uploads\/2020\/09\/Bathroom-1-Fish-2-scaled.jpg'><img width=\"150\" height=\"150\" src=\"https:\/\/hausjessop.com\/wp-content\/uploads\/2020\/09\/Bathroom-1-Fish-2-150x150.jpg\" class=\"attachment-thumbnail size-thumbnail\" alt=\"\" loading=\"lazy\" aria-describedby=\"gallery-1-392\" \/><\/a>\n\t\t\t<\/div>\n\t\t\t\t<figcaption class='wp-caption-text gallery-caption' id='gallery-1-392'>\n\t\t\t\tBathroom\n\t\t\t\t<\/figcaption><\/figure><figure class='gallery-item'>\n\t\t\t<div class='gallery-icon landscape'>\n\t\t\t\t<a data-elementor-open-lightbox=\"yes\" data-elementor-lightbox-slideshow=\"265e9d1\" data-elementor-lightbox-title=\"Bedroom 1 Fish\" href='https:\/\/hausjessop.com\/wp-content\/uploads\/2020\/09\/Bedroom-1-Fish-2-scaled.jpg'><img width=\"150\" height=\"150\" src=\"https:\/\/hausjessop.com\/wp-content\/uploads\/2020\/09\/Bedroom-1-Fish-2-150x150.jpg\" class=\"attachment-thumbnail size-thumbnail\" alt=\"\" loading=\"lazy\" aria-describedby=\"gallery-1-391\" \/><\/a>\n\t\t\t<\/div>\n\t\t\t\t<figcaption class='wp-caption-text gallery-caption' id='gallery-1-391'>\n\t\t\t\tBedroom\n\t\t\t\t<\/figcaption><\/figure><figure class='gallery-item'>\n\t\t\t<div class='gallery-icon landscape'>\n\t\t\t\t<a data-elementor-open-lightbox=\"yes\" data-elementor-lightbox-slideshow=\"265e9d1\" data-elementor-lightbox-title=\"Bedroom 2 Fish\" href='https:\/\/hausjessop.com\/wp-content\/uploads\/2020\/09\/Bedroom-2-Fish-1-scaled.jpg'><img width=\"150\" height=\"150\" src=\"https:\/\/hausjessop.com\/wp-content\/uploads\/2020\/09\/Bedroom-2-Fish-1-150x150.jpg\" class=\"attachment-thumbnail size-thumbnail\" alt=\"\" loading=\"lazy\" aria-describedby=\"gallery-1-390\" \/><\/a>\n\t\t\t<\/div>\n\t\t\t\t<figcaption class='wp-caption-text gallery-caption' id='gallery-1-390'>\n\t\t\t\tBedroom\n\t\t\t\t<\/figcaption><\/figure><figure class='gallery-item'>\n\t\t\t<div class='gallery-icon landscape'>\n\t\t\t\t<a data-elementor-open-lightbox=\"yes\" data-elementor-lightbox-slideshow=\"265e9d1\" data-elementor-lightbox-title=\"Livingroom1 Fish\" href='https:\/\/hausjessop.com\/wp-content\/uploads\/2020\/09\/Livingroom1-Fish-1-scaled.jpg'><img width=\"150\" height=\"150\" src=\"https:\/\/hausjessop.com\/wp-content\/uploads\/2020\/09\/Livingroom1-Fish-1-150x150.jpg\" class=\"attachment-thumbnail size-thumbnail\" alt=\"\" loading=\"lazy\" aria-describedby=\"gallery-1-386\" \/><\/a>\n\t\t\t<\/div>\n\t\t\t\t<figcaption class='wp-caption-text gallery-caption' id='gallery-1-386'>\n\t\t\t\tLivingroom\n\t\t\t\t<\/figcaption><\/figure><figure class='gallery-item'>\n\t\t\t<div class='gallery-icon landscape'>\n\t\t\t\t<a data-elementor-open-lightbox=\"yes\" data-elementor-lightbox-slideshow=\"265e9d1\" data-elementor-lightbox-title=\"Livingroom 3 Fish\" href='https:\/\/hausjessop.com\/wp-content\/uploads\/2020\/09\/Livingroom-3-Fish-1-scaled.jpg'><img width=\"150\" height=\"150\" src=\"https:\/\/hausjessop.com\/wp-content\/uploads\/2020\/09\/Livingroom-3-Fish-1-150x150.jpg\" class=\"attachment-thumbnail size-thumbnail\" alt=\"\" loading=\"lazy\" aria-describedby=\"gallery-1-387\" \/><\/a>\n\t\t\t<\/div>\n\t\t\t\t<figcaption class='wp-caption-text gallery-caption' id='gallery-1-387'>\n\t\t\t\tLivingroom\n\t\t\t\t<\/figcaption><\/figure><figure class='gallery-item'>\n\t\t\t<div class='gallery-icon landscape'>\n\t\t\t\t<a data-elementor-open-lightbox=\"yes\" data-elementor-lightbox-slideshow=\"265e9d1\" data-elementor-lightbox-title=\"Kitchen 1 Fish\" href='https:\/\/hausjessop.com\/wp-content\/uploads\/2020\/09\/Kitchen-1-Fish-1-scaled.jpg'><img width=\"150\" height=\"150\" src=\"https:\/\/hausjessop.com\/wp-content\/uploads\/2020\/09\/Kitchen-1-Fish-1-150x150.jpg\" class=\"attachment-thumbnail size-thumbnail\" alt=\"\" loading=\"lazy\" aria-describedby=\"gallery-1-389\" \/><\/a>\n\t\t\t<\/div>\n\t\t\t\t<figcaption class='wp-caption-text gallery-caption' id='gallery-1-389'>\n\t\t\t\tKitchen\n\t\t\t\t<\/figcaption><\/figure>\n\t\t<\/div>\n\t\t<\/div>\n\t\t\t\t<\/div>\n\t\t\t\t<\/div>\n\t\t\t\t\t<\/div>\n\t\t<\/div>\n\t\t\t\t\t\t\t<\/div>\n\t\t<\/section>\n\t\t\t\t<section class=\"elementor-element elementor-element-02319e4 elementor-section-boxed elementor-section-height-default elementor-section-height-default elementor-section elementor-top-section\" data-id=\"02319e4\" data-element_type=\"section\">\n\t\t\t\t\t\t<div class=\"elementor-container elementor-column-gap-default\">\n\t\t\t\t\t<div class=\"elementor-element elementor-element-8eea82a elementor-column elementor-col-100 elementor-top-column\" data-id=\"8eea82a\" data-element_type=\"column\">\n\t\t\t<div class=\"elementor-widget-wrap elementor-element-populated\">\n\t\t\t\t\t\t\t\t<div class=\"elementor-element elementor-element-71daea7 elementor-widget elementor-widget-text-editor\" data-id=\"71daea7\" data-element_type=\"widget\" data-widget_type=\"text-editor.default\">\n\t\t\t\t<div class=\"elementor-widget-container\">\n\t\t\t\t\t<div class=\"elementor-text-editor elementor-clearfix\"><p>2. Stock Nr.2<\/p><\/div>\n\t\t\t\t<\/div>\n\t\t\t\t<\/div>\n\t\t\t\t\t<\/div>\n\t\t<\/div>\n\t\t\t\t\t\t\t<\/div>\n\t\t<\/section>\n\t\t\t\t<section class=\"elementor-element elementor-element-8e5a0ba elementor-section-boxed elementor-section-height-default elementor-section-height-default elementor-section elementor-top-section\" data-id=\"8e5a0ba\" data-element_type=\"section\">\n\t\t\t\t\t\t<div class=\"elementor-container elementor-column-gap-default\">\n\t\t\t\t\t<div class=\"elementor-element elementor-element-1663ea0 elementor-column elementor-col-100 elementor-top-column\" data-id=\"1663ea0\" data-element_type=\"column\">\n\t\t\t<div class=\"elementor-widget-wrap elementor-element-populated\">\n\t\t\t\t\t\t\t\t<div class=\"elementor-element elementor-element-456257d elementor-widget elementor-widget-image-gallery\" data-id=\"456257d\" data-element_type=\"widget\" data-widget_type=\"image-gallery.default\">\n\t\t\t\t<div class=\"elementor-widget-container\">\n\t\t\t\t\t<div class=\"elementor-image-gallery\">\n\t\t\t<div id='gallery-2' class='gallery galleryid-277 gallery-columns-4 gallery-size-thumbnail'><figure class='gallery-item'>\n\t\t\t<div class='gallery-icon landscape'>\n\t\t\t\t<a data-elementor-open-lightbox=\"yes\" data-elementor-lightbox-slideshow=\"456257d\" data-elementor-lightbox-title=\"Bedroom\" href='https:\/\/hausjessop.com\/wp-content\/uploads\/2020\/09\/Bedroom--scaled.jpg'><img width=\"150\" height=\"150\" src=\"https:\/\/hausjessop.com\/wp-content\/uploads\/2020\/09\/Bedroom--150x150.jpg\" class=\"attachment-thumbnail size-thumbnail\" alt=\"\" loading=\"lazy\" aria-describedby=\"gallery-2-393\" \/><\/a>\n\t\t\t<\/div>\n\t\t\t\t<figcaption class='wp-caption-text gallery-caption' id='gallery-2-393'>\n\t\t\t\tBedroom\n\t\t\t\t<\/figcaption><\/figure><figure class='gallery-item'>\n\t\t\t<div class='gallery-icon landscape'>\n\t\t\t\t<a data-elementor-open-lightbox=\"yes\" data-elementor-lightbox-slideshow=\"456257d\" data-elementor-lightbox-title=\"IMG_6052\" href='https:\/\/hausjessop.com\/wp-content\/uploads\/2020\/09\/IMG_6052-scaled.jpg'><img width=\"150\" height=\"150\" src=\"https:\/\/hausjessop.com\/wp-content\/uploads\/2020\/09\/IMG_6052-150x150.jpg\" class=\"attachment-thumbnail size-thumbnail\" alt=\"\" loading=\"lazy\" aria-describedby=\"gallery-2-398\" \/><\/a>\n\t\t\t<\/div>\n\t\t\t\t<figcaption class='wp-caption-text gallery-caption' id='gallery-2-398'>\n\t\t\t\tLivingroom\n\t\t\t\t<\/figcaption><\/figure><figure class='gallery-item'>\n\t\t\t<div class='gallery-icon landscape'>\n\t\t\t\t<a data-elementor-open-lightbox=\"yes\" data-elementor-lightbox-slideshow=\"456257d\" data-elementor-lightbox-title=\"Second room 1 Fish\" href='https:\/\/hausjessop.com\/wp-content\/uploads\/2020\/09\/Second-room-1-Fish-scaled.jpg'><img width=\"150\" height=\"150\" src=\"https:\/\/hausjessop.com\/wp-content\/uploads\/2020\/09\/Second-room-1-Fish-150x150.jpg\" class=\"attachment-thumbnail size-thumbnail\" alt=\"\" loading=\"lazy\" aria-describedby=\"gallery-2-399\" \/><\/a>\n\t\t\t<\/div>\n\t\t\t\t<figcaption class='wp-caption-text gallery-caption' id='gallery-2-399'>\n\t\t\t\tEsszimmer\n\t\t\t\t<\/figcaption><\/figure><figure class='gallery-item'>\n\t\t\t<div class='gallery-icon landscape'>\n\t\t\t\t<a data-elementor-open-lightbox=\"yes\" data-elementor-lightbox-slideshow=\"456257d\" data-elementor-lightbox-title=\"IMG_6045\" href='https:\/\/hausjessop.com\/wp-content\/uploads\/2020\/09\/IMG_6045-scaled.jpg'><img width=\"150\" height=\"150\" src=\"https:\/\/hausjessop.com\/wp-content\/uploads\/2020\/09\/IMG_6045-150x150.jpg\" class=\"attachment-thumbnail size-thumbnail\" alt=\"\" loading=\"lazy\" aria-describedby=\"gallery-2-395\" \/><\/a>\n\t\t\t<\/div>\n\t\t\t\t<figcaption class='wp-caption-text gallery-caption' id='gallery-2-395'>\n\t\t\t\tKitchen\n\t\t\t\t<\/figcaption><\/figure><figure class='gallery-item'>\n\t\t\t<div class='gallery-icon landscape'>\n\t\t\t\t<a data-elementor-open-lightbox=\"yes\" data-elementor-lightbox-slideshow=\"456257d\" data-elementor-lightbox-title=\"IMG_6046\" href='https:\/\/hausjessop.com\/wp-content\/uploads\/2020\/09\/IMG_6046-scaled.jpg'><img width=\"150\" height=\"150\" src=\"https:\/\/hausjessop.com\/wp-content\/uploads\/2020\/09\/IMG_6046-150x150.jpg\" class=\"attachment-thumbnail size-thumbnail\" alt=\"\" loading=\"lazy\" aria-describedby=\"gallery-2-396\" \/><\/a>\n\t\t\t<\/div>\n\t\t\t\t<figcaption class='wp-caption-text gallery-caption' id='gallery-2-396'>\n\t\t\t\tKitchen\n\t\t\t\t<\/figcaption><\/figure><figure class='gallery-item'>\n\t\t\t<div class='gallery-icon landscape'>\n\t\t\t\t<a data-elementor-open-lightbox=\"yes\" data-elementor-lightbox-slideshow=\"456257d\" data-elementor-lightbox-title=\"IMG_6050\" href='https:\/\/hausjessop.com\/wp-content\/uploads\/2020\/09\/IMG_6050-scaled.jpg'><img width=\"150\" height=\"150\" src=\"https:\/\/hausjessop.com\/wp-content\/uploads\/2020\/09\/IMG_6050-150x150.jpg\" class=\"attachment-thumbnail size-thumbnail\" alt=\"\" loading=\"lazy\" aria-describedby=\"gallery-2-397\" \/><\/a>\n\t\t\t<\/div>\n\t\t\t\t<figcaption class='wp-caption-text gallery-caption' id='gallery-2-397'>\n\t\t\t\tBathroom\n\t\t\t\t<\/figcaption><\/figure>\n\t\t<\/div>\n\t\t<\/div>\n\t\t\t\t<\/div>\n\t\t\t\t<\/div>\n\t\t\t\t\t<\/div>\n\t\t<\/div>\n\t\t\t\t\t\t\t<\/div>\n\t\t<\/section>\n\t\t\t\t\t\t<\/div>\n\t\t\t\t\t<\/div>","protected":false},"excerpt":{"rendered":"<p>2. Stock Nr.1 Badezimmer Schlafzimmer Schlafzimmer Wohnzimmer Wohnzimmer K\u00fcche 2. Stock Nr.2 Schlafzimmer Wohnzimmer Esszimmer K\u00fcche K\u00fcche Badezimmer<\/p>","protected":false},"author":1,"featured_media":0,"parent":0,"menu_order":0,"comment_status":"closed","ping_status":"closed","template":"","meta":[],"_links":{"self":[{"href":"https:\/\/hausjessop.com\/en\/wp-json\/wp\/v2\/pages\/277"}],"collection":[{"href":"https:\/\/hausjessop.com\/en\/wp-json\/wp\/v2\/pages"}],"about":[{"href":"https:\/\/hausjessop.com\/en\/wp-json\/wp\/v2\/types\/page"}],"author":[{"embeddable":true,"href":"https:\/\/hausjessop.com\/en\/wp-json\/wp\/v2\/users\/1"}],"replies":[{"embeddable":true,"href":"https:\/\/hausjessop.com\/en\/wp-json\/wp\/v2\/comments?post=277"}],"version-history":[{"count":2,"href":"https:\/\/hausjessop.com\/en\/wp-json\/wp\/v2\/pages\/277\/revisions"}],"predecessor-version":[{"id":400,"href":"https:\/\/hausjessop.com\/en\/wp-json\/wp\/v2\/pages\/277\/revisions\/400"}],"wp:attachment":[{"href":"https:\/\/hausjessop.com\/en\/wp-json\/wp\/v2\/media?parent=277"}],"curies":[{"name":"wp","href":"https:\/\/api.w.org\/{rel}","templated":true}]}}