{"id":276,"date":"2020-09-02T19:39:38","date_gmt":"2020-09-02T17:39:38","guid":{"rendered":"http:\/\/hausjessop.com\/?page_id=276"},"modified":"2020-09-09T14:43:31","modified_gmt":"2020-09-09T12:43:31","slug":"1-stock","status":"publish","type":"page","link":"https:\/\/hausjessop.com\/en\/1-stock\/","title":{"rendered":"1. Floor"},"content":{"rendered":"<div data-elementor-type=\"wp-page\" data-elementor-id=\"276\" class=\"elementor elementor-276\" data-elementor-settings=\"[]\">\n\t\t\t\t\t\t\t<div class=\"elementor-section-wrap\">\n\t\t\t\t\t\t\t<section class=\"elementor-element elementor-element-5204e67 elementor-section-boxed elementor-section-height-default elementor-section-height-default elementor-section elementor-top-section\" data-id=\"5204e67\" data-element_type=\"section\">\n\t\t\t\t\t\t<div class=\"elementor-container elementor-column-gap-default\">\n\t\t\t\t\t<div class=\"elementor-element elementor-element-760e0fd elementor-column elementor-col-100 elementor-top-column\" data-id=\"760e0fd\" data-element_type=\"column\">\n\t\t\t<div class=\"elementor-widget-wrap elementor-element-populated\">\n\t\t\t\t\t\t\t\t<div class=\"elementor-element elementor-element-4493bfa elementor-widget elementor-widget-text-editor\" data-id=\"4493bfa\" data-element_type=\"widget\" data-widget_type=\"text-editor.default\">\n\t\t\t\t<div class=\"elementor-widget-container\">\n\t\t\t\t\t<div class=\"elementor-text-editor elementor-clearfix\"><p>1. Stock Nr. 1\u00a0<\/p><\/div>\n\t\t\t\t<\/div>\n\t\t\t\t<\/div>\n\t\t\t\t\t<\/div>\n\t\t<\/div>\n\t\t\t\t\t\t\t<\/div>\n\t\t<\/section>\n\t\t\t\t<section class=\"elementor-element elementor-element-647cca4 elementor-section-boxed elementor-section-height-default elementor-section-height-default elementor-section elementor-top-section\" data-id=\"647cca4\" data-element_type=\"section\">\n\t\t\t\t\t\t<div class=\"elementor-container elementor-column-gap-default\">\n\t\t\t\t\t<div class=\"elementor-element elementor-element-5a96f03 elementor-column elementor-col-100 elementor-top-column\" data-id=\"5a96f03\" data-element_type=\"column\">\n\t\t\t<div class=\"elementor-widget-wrap elementor-element-populated\">\n\t\t\t\t\t\t\t\t<div class=\"elementor-element elementor-element-0a281ac elementor-widget elementor-widget-image-gallery\" data-id=\"0a281ac\" data-element_type=\"widget\" data-widget_type=\"image-gallery.default\">\n\t\t\t\t<div class=\"elementor-widget-container\">\n\t\t\t\t\t<div class=\"elementor-image-gallery\">\n\t\t\t<div id='gallery-1' class='gallery galleryid-276 gallery-columns-4 gallery-size-thumbnail'><figure class='gallery-item'>\n\t\t\t<div class='gallery-icon landscape'>\n\t\t\t\t<a data-elementor-open-lightbox=\"yes\" data-elementor-lightbox-slideshow=\"0a281ac\" data-elementor-lightbox-title=\"Bedroom 1 Fish\" href='https:\/\/hausjessop.com\/wp-content\/uploads\/2020\/09\/Bedroom-1-Fish-1-scaled.jpg'><img width=\"150\" height=\"150\" src=\"https:\/\/hausjessop.com\/wp-content\/uploads\/2020\/09\/Bedroom-1-Fish-1-150x150.jpg\" class=\"attachment-thumbnail size-thumbnail\" alt=\"\" loading=\"lazy\" aria-describedby=\"gallery-1-342\" \/><\/a>\n\t\t\t<\/div>\n\t\t\t\t<figcaption class='wp-caption-text gallery-caption' id='gallery-1-342'>\n\t\t\t\tBedroom\n\t\t\t\t<\/figcaption><\/figure><figure class='gallery-item'>\n\t\t\t<div class='gallery-icon landscape'>\n\t\t\t\t<a data-elementor-open-lightbox=\"yes\" data-elementor-lightbox-slideshow=\"0a281ac\" data-elementor-lightbox-title=\"Bedroom 2 Fish\" href='https:\/\/hausjessop.com\/wp-content\/uploads\/2020\/09\/Bedroom-2-Fish-scaled.jpg'><img width=\"150\" height=\"150\" src=\"https:\/\/hausjessop.com\/wp-content\/uploads\/2020\/09\/Bedroom-2-Fish-150x150.jpg\" class=\"attachment-thumbnail size-thumbnail\" alt=\"\" loading=\"lazy\" aria-describedby=\"gallery-1-344\" \/><\/a>\n\t\t\t<\/div>\n\t\t\t\t<figcaption class='wp-caption-text gallery-caption' id='gallery-1-344'>\n\t\t\t\tBedroom\n\t\t\t\t<\/figcaption><\/figure><figure class='gallery-item'>\n\t\t\t<div class='gallery-icon landscape'>\n\t\t\t\t<a data-elementor-open-lightbox=\"yes\" data-elementor-lightbox-slideshow=\"0a281ac\" data-elementor-lightbox-title=\"Livingroom 3 Fish\" href='https:\/\/hausjessop.com\/wp-content\/uploads\/2020\/09\/Livingroom-3-Fish-scaled.jpg'><img width=\"150\" height=\"150\" src=\"https:\/\/hausjessop.com\/wp-content\/uploads\/2020\/09\/Livingroom-3-Fish-150x150.jpg\" class=\"attachment-thumbnail size-thumbnail\" alt=\"\" loading=\"lazy\" aria-describedby=\"gallery-1-347\" \/><\/a>\n\t\t\t<\/div>\n\t\t\t\t<figcaption class='wp-caption-text gallery-caption' id='gallery-1-347'>\n\t\t\t\tLivingroom\n\t\t\t\t<\/figcaption><\/figure><figure class='gallery-item'>\n\t\t\t<div class='gallery-icon landscape'>\n\t\t\t\t<a data-elementor-open-lightbox=\"yes\" data-elementor-lightbox-slideshow=\"0a281ac\" data-elementor-lightbox-title=\"Livingroom 1\" href='https:\/\/hausjessop.com\/wp-content\/uploads\/2020\/09\/Livingroom-1-1-1-scaled.jpg'><img width=\"150\" height=\"150\" src=\"https:\/\/hausjessop.com\/wp-content\/uploads\/2020\/09\/Livingroom-1-1-1-150x150.jpg\" class=\"attachment-thumbnail size-thumbnail\" alt=\"\" loading=\"lazy\" aria-describedby=\"gallery-1-346\" \/><\/a>\n\t\t\t<\/div>\n\t\t\t\t<figcaption class='wp-caption-text gallery-caption' id='gallery-1-346'>\n\t\t\t\tLivingroom\n\t\t\t\t<\/figcaption><\/figure><figure class='gallery-item'>\n\t\t\t<div class='gallery-icon landscape'>\n\t\t\t\t<a data-elementor-open-lightbox=\"yes\" data-elementor-lightbox-slideshow=\"0a281ac\" data-elementor-lightbox-title=\"Bathroom 1 Fish Kopie\" href='https:\/\/hausjessop.com\/wp-content\/uploads\/2020\/09\/Bathroom-1-Fish-Kopie-scaled.jpg'><img width=\"150\" height=\"150\" src=\"https:\/\/hausjessop.com\/wp-content\/uploads\/2020\/09\/Bathroom-1-Fish-Kopie-150x150.jpg\" class=\"attachment-thumbnail size-thumbnail\" alt=\"\" loading=\"lazy\" aria-describedby=\"gallery-1-340\" \/><\/a>\n\t\t\t<\/div>\n\t\t\t\t<figcaption class='wp-caption-text gallery-caption' id='gallery-1-340'>\n\t\t\t\tBathroom\n\t\t\t\t<\/figcaption><\/figure><figure class='gallery-item'>\n\t\t\t<div class='gallery-icon landscape'>\n\t\t\t\t<a data-elementor-open-lightbox=\"yes\" data-elementor-lightbox-slideshow=\"0a281ac\" data-elementor-lightbox-title=\"Bathroom 2\" href='https:\/\/hausjessop.com\/wp-content\/uploads\/2020\/09\/Bathroom-2-scaled.jpg'><img width=\"150\" height=\"150\" src=\"https:\/\/hausjessop.com\/wp-content\/uploads\/2020\/09\/Bathroom-2-150x150.jpg\" class=\"attachment-thumbnail size-thumbnail\" alt=\"\" loading=\"lazy\" aria-describedby=\"gallery-1-341\" \/><\/a>\n\t\t\t<\/div>\n\t\t\t\t<figcaption class='wp-caption-text gallery-caption' id='gallery-1-341'>\n\t\t\t\tBathroom\n\t\t\t\t<\/figcaption><\/figure><figure class='gallery-item'>\n\t\t\t<div class='gallery-icon landscape'>\n\t\t\t\t<a data-elementor-open-lightbox=\"yes\" data-elementor-lightbox-slideshow=\"0a281ac\" data-elementor-lightbox-title=\"Kitchen 1 Fish JPG\" href='https:\/\/hausjessop.com\/wp-content\/uploads\/2020\/09\/Kitchen-1-Fish-JPG-scaled.jpg'><img width=\"150\" height=\"150\" src=\"https:\/\/hausjessop.com\/wp-content\/uploads\/2020\/09\/Kitchen-1-Fish-JPG-150x150.jpg\" class=\"attachment-thumbnail size-thumbnail\" alt=\"\" loading=\"lazy\" aria-describedby=\"gallery-1-345\" \/><\/a>\n\t\t\t<\/div>\n\t\t\t\t<figcaption class='wp-caption-text gallery-caption' id='gallery-1-345'>\n\t\t\t\tKitchen\n\t\t\t\t<\/figcaption><\/figure>\n\t\t<\/div>\n\t\t<\/div>\n\t\t\t\t<\/div>\n\t\t\t\t<\/div>\n\t\t\t\t\t<\/div>\n\t\t<\/div>\n\t\t\t\t\t\t\t<\/div>\n\t\t<\/section>\n\t\t\t\t<section class=\"elementor-element elementor-element-464c661 elementor-section-boxed elementor-section-height-default elementor-section-height-default elementor-section elementor-top-section\" data-id=\"464c661\" data-element_type=\"section\">\n\t\t\t\t\t\t<div class=\"elementor-container elementor-column-gap-default\">\n\t\t\t\t\t<div class=\"elementor-element elementor-element-7fe961e elementor-column elementor-col-100 elementor-top-column\" data-id=\"7fe961e\" data-element_type=\"column\">\n\t\t\t<div class=\"elementor-widget-wrap elementor-element-populated\">\n\t\t\t\t\t\t\t\t<div class=\"elementor-element elementor-element-b3686f6 elementor-widget elementor-widget-text-editor\" data-id=\"b3686f6\" data-element_type=\"widget\" data-widget_type=\"text-editor.default\">\n\t\t\t\t<div class=\"elementor-widget-container\">\n\t\t\t\t\t<div class=\"elementor-text-editor elementor-clearfix\"><p>1. Stock Nr. 2<\/p><\/div>\n\t\t\t\t<\/div>\n\t\t\t\t<\/div>\n\t\t\t\t<div class=\"elementor-element elementor-element-f9d9749 elementor-widget elementor-widget-image-gallery\" data-id=\"f9d9749\" data-element_type=\"widget\" data-widget_type=\"image-gallery.default\">\n\t\t\t\t<div class=\"elementor-widget-container\">\n\t\t\t\t\t<div class=\"elementor-image-gallery\">\n\t\t\t<div id='gallery-2' class='gallery galleryid-276 gallery-columns-4 gallery-size-thumbnail'><figure class='gallery-item'>\n\t\t\t<div class='gallery-icon landscape'>\n\t\t\t\t<a data-elementor-open-lightbox=\"yes\" data-elementor-lightbox-slideshow=\"f9d9749\" data-elementor-lightbox-title=\"Kitchen 3\" href='https:\/\/hausjessop.com\/wp-content\/uploads\/2020\/09\/Kitchen-3-scaled.jpg'><img width=\"150\" height=\"150\" src=\"https:\/\/hausjessop.com\/wp-content\/uploads\/2020\/09\/Kitchen-3-150x150.jpg\" class=\"attachment-thumbnail size-thumbnail\" alt=\"\" loading=\"lazy\" aria-describedby=\"gallery-2-375\" \/><\/a>\n\t\t\t<\/div>\n\t\t\t\t<figcaption class='wp-caption-text gallery-caption' id='gallery-2-375'>\n\t\t\t\tKitchen\n\t\t\t\t<\/figcaption><\/figure><figure class='gallery-item'>\n\t\t\t<div class='gallery-icon landscape'>\n\t\t\t\t<a data-elementor-open-lightbox=\"yes\" data-elementor-lightbox-slideshow=\"f9d9749\" data-elementor-lightbox-title=\"Kitchen 4\" href='https:\/\/hausjessop.com\/wp-content\/uploads\/2020\/09\/Kitchen-4-scaled.jpg'><img width=\"150\" height=\"150\" src=\"https:\/\/hausjessop.com\/wp-content\/uploads\/2020\/09\/Kitchen-4-150x150.jpg\" class=\"attachment-thumbnail size-thumbnail\" alt=\"\" loading=\"lazy\" aria-describedby=\"gallery-2-376\" \/><\/a>\n\t\t\t<\/div>\n\t\t\t\t<figcaption class='wp-caption-text gallery-caption' id='gallery-2-376'>\n\t\t\t\tKitchen\n\t\t\t\t<\/figcaption><\/figure><figure class='gallery-item'>\n\t\t\t<div class='gallery-icon landscape'>\n\t\t\t\t<a data-elementor-open-lightbox=\"yes\" data-elementor-lightbox-slideshow=\"f9d9749\" data-elementor-lightbox-title=\"Bathroom 1\" href='https:\/\/hausjessop.com\/wp-content\/uploads\/2020\/09\/Bathroom-1-2-scaled.jpg'><img width=\"150\" height=\"150\" src=\"https:\/\/hausjessop.com\/wp-content\/uploads\/2020\/09\/Bathroom-1-2-150x150.jpg\" class=\"attachment-thumbnail size-thumbnail\" alt=\"\" loading=\"lazy\" aria-describedby=\"gallery-2-373\" \/><\/a>\n\t\t\t<\/div>\n\t\t\t\t<figcaption class='wp-caption-text gallery-caption' id='gallery-2-373'>\n\t\t\t\tBad\n\t\t\t\t<\/figcaption><\/figure><figure class='gallery-item'>\n\t\t\t<div class='gallery-icon landscape'>\n\t\t\t\t<a data-elementor-open-lightbox=\"yes\" data-elementor-lightbox-slideshow=\"f9d9749\" data-elementor-lightbox-title=\"Living room 1 new\" href='https:\/\/hausjessop.com\/wp-content\/uploads\/2020\/09\/Living-room-1-new-scaled.jpg'><img width=\"150\" height=\"150\" src=\"https:\/\/hausjessop.com\/wp-content\/uploads\/2020\/09\/Living-room-1-new-150x150.jpg\" class=\"attachment-thumbnail size-thumbnail\" alt=\"\" loading=\"lazy\" aria-describedby=\"gallery-2-377\" \/><\/a>\n\t\t\t<\/div>\n\t\t\t\t<figcaption class='wp-caption-text gallery-caption' id='gallery-2-377'>\n\t\t\t\tLivingroom\n\t\t\t\t<\/figcaption><\/figure><figure class='gallery-item'>\n\t\t\t<div class='gallery-icon landscape'>\n\t\t\t\t<a data-elementor-open-lightbox=\"yes\" data-elementor-lightbox-slideshow=\"f9d9749\" data-elementor-lightbox-title=\"Bedroom 1a\" href='https:\/\/hausjessop.com\/wp-content\/uploads\/2020\/09\/Bedroom-1a-scaled.jpg'><img width=\"150\" height=\"150\" src=\"https:\/\/hausjessop.com\/wp-content\/uploads\/2020\/09\/Bedroom-1a-150x150.jpg\" class=\"attachment-thumbnail size-thumbnail\" alt=\"\" loading=\"lazy\" aria-describedby=\"gallery-2-378\" \/><\/a>\n\t\t\t<\/div>\n\t\t\t\t<figcaption class='wp-caption-text gallery-caption' id='gallery-2-378'>\n\t\t\t\tSchlafzimmer 1\n\t\t\t\t<\/figcaption><\/figure><figure class='gallery-item'>\n\t\t\t<div class='gallery-icon landscape'>\n\t\t\t\t<a data-elementor-open-lightbox=\"yes\" data-elementor-lightbox-slideshow=\"f9d9749\" data-elementor-lightbox-title=\"Bedroom 1b\" href='https:\/\/hausjessop.com\/wp-content\/uploads\/2020\/09\/Bedroom-1b-scaled.jpg'><img width=\"150\" height=\"150\" src=\"https:\/\/hausjessop.com\/wp-content\/uploads\/2020\/09\/Bedroom-1b-150x150.jpg\" class=\"attachment-thumbnail size-thumbnail\" alt=\"\" loading=\"lazy\" aria-describedby=\"gallery-2-379\" \/><\/a>\n\t\t\t<\/div>\n\t\t\t\t<figcaption class='wp-caption-text gallery-caption' id='gallery-2-379'>\n\t\t\t\tSchlafzimmer 1\n\t\t\t\t<\/figcaption><\/figure><figure class='gallery-item'>\n\t\t\t<div class='gallery-icon landscape'>\n\t\t\t\t<a data-elementor-open-lightbox=\"yes\" data-elementor-lightbox-slideshow=\"f9d9749\" data-elementor-lightbox-title=\"Bedroom 2a\" href='https:\/\/hausjessop.com\/wp-content\/uploads\/2020\/09\/Bedroom-2a-scaled.jpg'><img width=\"150\" height=\"150\" src=\"https:\/\/hausjessop.com\/wp-content\/uploads\/2020\/09\/Bedroom-2a-150x150.jpg\" class=\"attachment-thumbnail size-thumbnail\" alt=\"\" loading=\"lazy\" aria-describedby=\"gallery-2-380\" \/><\/a>\n\t\t\t<\/div>\n\t\t\t\t<figcaption class='wp-caption-text gallery-caption' id='gallery-2-380'>\n\t\t\t\tSchlafzimmer 2\n\t\t\t\t<\/figcaption><\/figure><figure class='gallery-item'>\n\t\t\t<div class='gallery-icon landscape'>\n\t\t\t\t<a data-elementor-open-lightbox=\"yes\" data-elementor-lightbox-slideshow=\"f9d9749\" data-elementor-lightbox-title=\"Bedroom 2b\" href='https:\/\/hausjessop.com\/wp-content\/uploads\/2020\/09\/Bedroom-2b-scaled.jpg'><img width=\"150\" height=\"150\" src=\"https:\/\/hausjessop.com\/wp-content\/uploads\/2020\/09\/Bedroom-2b-150x150.jpg\" class=\"attachment-thumbnail size-thumbnail\" alt=\"\" loading=\"lazy\" aria-describedby=\"gallery-2-381\" \/><\/a>\n\t\t\t<\/div>\n\t\t\t\t<figcaption class='wp-caption-text gallery-caption' id='gallery-2-381'>\n\t\t\t\tSchlafzimmer 2\n\t\t\t\t<\/figcaption><\/figure>\n\t\t<\/div>\n\t\t<\/div>\n\t\t\t\t<\/div>\n\t\t\t\t<\/div>\n\t\t\t\t\t<\/div>\n\t\t<\/div>\n\t\t\t\t\t\t\t<\/div>\n\t\t<\/section>\n\t\t\t\t<section class=\"elementor-element elementor-element-d121074 elementor-section-boxed elementor-section-height-default elementor-section-height-default elementor-section elementor-top-section\" data-id=\"d121074\" data-element_type=\"section\">\n\t\t\t\t\t\t<div class=\"elementor-container elementor-column-gap-default\">\n\t\t\t\t\t<div class=\"elementor-element elementor-element-91cb495 elementor-column elementor-col-100 elementor-top-column\" data-id=\"91cb495\" data-element_type=\"column\">\n\t\t\t<div class=\"elementor-widget-wrap\">\n\t\t\t\t\t\t\t\t\t<\/div>\n\t\t<\/div>\n\t\t\t\t\t\t\t<\/div>\n\t\t<\/section>\n\t\t\t\t\t\t<\/div>\n\t\t\t\t\t<\/div>","protected":false},"excerpt":{"rendered":"<p>1. Stock Nr. 1\u00a0 Schlafzimmer Schlafzimmer Wohnzimmer Wohnzimmer Badezimmer Badezimmer K\u00fcche 1. Stock Nr. 2 K\u00fcche K\u00fcche Bad Wohnzimmer Schlafzimmer 1 Schlafzimmer 1 Schlafzimmer 2 Schlafzimmer 2<\/p>","protected":false},"author":1,"featured_media":0,"parent":0,"menu_order":0,"comment_status":"closed","ping_status":"closed","template":"","meta":[],"_links":{"self":[{"href":"https:\/\/hausjessop.com\/en\/wp-json\/wp\/v2\/pages\/276"}],"collection":[{"href":"https:\/\/hausjessop.com\/en\/wp-json\/wp\/v2\/pages"}],"about":[{"href":"https:\/\/hausjessop.com\/en\/wp-json\/wp\/v2\/types\/page"}],"author":[{"embeddable":true,"href":"https:\/\/hausjessop.com\/en\/wp-json\/wp\/v2\/users\/1"}],"replies":[{"embeddable":true,"href":"https:\/\/hausjessop.com\/en\/wp-json\/wp\/v2\/comments?post=276"}],"version-history":[{"count":2,"href":"https:\/\/hausjessop.com\/en\/wp-json\/wp\/v2\/pages\/276\/revisions"}],"predecessor-version":[{"id":382,"href":"https:\/\/hausjessop.com\/en\/wp-json\/wp\/v2\/pages\/276\/revisions\/382"}],"wp:attachment":[{"href":"https:\/\/hausjessop.com\/en\/wp-json\/wp\/v2\/media?parent=276"}],"curies":[{"name":"wp","href":"https:\/\/api.w.org\/{rel}","templated":true}]}}