{"id":275,"date":"2020-09-02T19:39:38","date_gmt":"2020-09-02T17:39:38","guid":{"rendered":"http:\/\/hausjessop.com\/?page_id=275"},"modified":"2020-09-09T18:17:11","modified_gmt":"2020-09-09T16:17:11","slug":"erdgeschoss","status":"publish","type":"page","link":"https:\/\/hausjessop.com\/en\/erdgeschoss\/","title":{"rendered":"Ground Floor"},"content":{"rendered":"<div data-elementor-type=\"wp-page\" data-elementor-id=\"275\" class=\"elementor elementor-275\" data-elementor-settings=\"[]\">\n\t\t\t\t\t\t\t<div class=\"elementor-section-wrap\">\n\t\t\t\t\t\t\t<section class=\"elementor-element elementor-element-db1ca54 elementor-section-boxed elementor-section-height-default elementor-section-height-default elementor-section elementor-top-section\" data-id=\"db1ca54\" data-element_type=\"section\">\n\t\t\t\t\t\t<div class=\"elementor-container elementor-column-gap-default\">\n\t\t\t\t\t<div class=\"elementor-element elementor-element-9c3a0bb elementor-column elementor-col-100 elementor-top-column\" data-id=\"9c3a0bb\" data-element_type=\"column\">\n\t\t\t<div class=\"elementor-widget-wrap elementor-element-populated\">\n\t\t\t\t\t\t\t\t<div class=\"elementor-element elementor-element-728b777 elementor-widget elementor-widget-text-editor\" data-id=\"728b777\" data-element_type=\"widget\" data-widget_type=\"text-editor.default\">\n\t\t\t\t<div class=\"elementor-widget-container\">\n\t\t\t\t\t<div class=\"elementor-text-editor elementor-clearfix\"><p>Erdgeschoss Nr.1\u00a0<\/p><\/div>\n\t\t\t\t<\/div>\n\t\t\t\t<\/div>\n\t\t\t\t\t<\/div>\n\t\t<\/div>\n\t\t\t\t\t\t\t<\/div>\n\t\t<\/section>\n\t\t\t\t<section class=\"elementor-element elementor-element-0a28e82 elementor-section-boxed elementor-section-height-default elementor-section-height-default elementor-section elementor-top-section\" data-id=\"0a28e82\" data-element_type=\"section\">\n\t\t\t\t\t\t<div class=\"elementor-container elementor-column-gap-default\">\n\t\t\t\t\t<div class=\"elementor-element elementor-element-fe29b3d elementor-column elementor-col-100 elementor-top-column\" data-id=\"fe29b3d\" data-element_type=\"column\">\n\t\t\t<div class=\"elementor-widget-wrap elementor-element-populated\">\n\t\t\t\t\t\t\t\t<div class=\"elementor-element elementor-element-461e4b1 elementor-widget elementor-widget-image-gallery\" data-id=\"461e4b1\" data-element_type=\"widget\" data-widget_type=\"image-gallery.default\">\n\t\t\t\t<div class=\"elementor-widget-container\">\n\t\t\t\t\t<div class=\"elementor-image-gallery\">\n\t\t\t<div id='gallery-1' class='gallery galleryid-275 gallery-columns-4 gallery-size-thumbnail'><figure class='gallery-item'>\n\t\t\t<div class='gallery-icon landscape'>\n\t\t\t\t<a data-elementor-open-lightbox=\"yes\" data-elementor-lightbox-slideshow=\"461e4b1\" data-elementor-lightbox-title=\"Livingroom 1\" href='https:\/\/hausjessop.com\/wp-content\/uploads\/2020\/09\/Livingroom-1-scaled.jpg'><img width=\"150\" height=\"150\" src=\"https:\/\/hausjessop.com\/wp-content\/uploads\/2020\/09\/Livingroom-1-150x150.jpg\" class=\"attachment-thumbnail size-thumbnail\" alt=\"\" loading=\"lazy\" aria-describedby=\"gallery-1-357\" \/><\/a>\n\t\t\t<\/div>\n\t\t\t\t<figcaption class='wp-caption-text gallery-caption' id='gallery-1-357'>\n\t\t\t\tLivingroom\n\t\t\t\t<\/figcaption><\/figure><figure class='gallery-item'>\n\t\t\t<div class='gallery-icon landscape'>\n\t\t\t\t<a data-elementor-open-lightbox=\"yes\" data-elementor-lightbox-slideshow=\"461e4b1\" data-elementor-lightbox-title=\"Livingroom 2 Fish\" href='https:\/\/hausjessop.com\/wp-content\/uploads\/2020\/09\/Livingroom-2-Fish-scaled.jpg'><img width=\"150\" height=\"150\" src=\"https:\/\/hausjessop.com\/wp-content\/uploads\/2020\/09\/Livingroom-2-Fish-150x150.jpg\" class=\"attachment-thumbnail size-thumbnail\" alt=\"\" loading=\"lazy\" aria-describedby=\"gallery-1-358\" \/><\/a>\n\t\t\t<\/div>\n\t\t\t\t<figcaption class='wp-caption-text gallery-caption' id='gallery-1-358'>\n\t\t\t\tLivingroom\n\t\t\t\t<\/figcaption><\/figure><figure class='gallery-item'>\n\t\t\t<div class='gallery-icon landscape'>\n\t\t\t\t<a data-elementor-open-lightbox=\"yes\" data-elementor-lightbox-slideshow=\"461e4b1\" data-elementor-lightbox-title=\"34A Ground bedroom 1\" href='https:\/\/hausjessop.com\/wp-content\/uploads\/2020\/09\/34A-Ground-bedroom-1-scaled.jpg'><img width=\"150\" height=\"150\" src=\"https:\/\/hausjessop.com\/wp-content\/uploads\/2020\/09\/34A-Ground-bedroom-1-150x150.jpg\" class=\"attachment-thumbnail size-thumbnail\" alt=\"\" loading=\"lazy\" aria-describedby=\"gallery-1-359\" \/><\/a>\n\t\t\t<\/div>\n\t\t\t\t<figcaption class='wp-caption-text gallery-caption' id='gallery-1-359'>\n\t\t\t\tBedroom\n\t\t\t\t<\/figcaption><\/figure><figure class='gallery-item'>\n\t\t\t<div class='gallery-icon landscape'>\n\t\t\t\t<a data-elementor-open-lightbox=\"yes\" data-elementor-lightbox-slideshow=\"461e4b1\" data-elementor-lightbox-title=\"34A Ground bedroom 3\" href='https:\/\/hausjessop.com\/wp-content\/uploads\/2020\/09\/34A-Ground-bedroom-3-scaled.jpg'><img width=\"150\" height=\"150\" src=\"https:\/\/hausjessop.com\/wp-content\/uploads\/2020\/09\/34A-Ground-bedroom-3-150x150.jpg\" class=\"attachment-thumbnail size-thumbnail\" alt=\"\" loading=\"lazy\" aria-describedby=\"gallery-1-360\" \/><\/a>\n\t\t\t<\/div>\n\t\t\t\t<figcaption class='wp-caption-text gallery-caption' id='gallery-1-360'>\n\t\t\t\tBedroom\n\t\t\t\t<\/figcaption><\/figure><figure class='gallery-item'>\n\t\t\t<div class='gallery-icon landscape'>\n\t\t\t\t<a data-elementor-open-lightbox=\"yes\" data-elementor-lightbox-slideshow=\"461e4b1\" data-elementor-lightbox-title=\"Bathroom 1 Fish\" href='https:\/\/hausjessop.com\/wp-content\/uploads\/2020\/09\/Bathroom-1-Fish-1-scaled.jpg'><img width=\"150\" height=\"150\" src=\"https:\/\/hausjessop.com\/wp-content\/uploads\/2020\/09\/Bathroom-1-Fish-1-150x150.jpg\" class=\"attachment-thumbnail size-thumbnail\" alt=\"\" loading=\"lazy\" aria-describedby=\"gallery-1-354\" \/><\/a>\n\t\t\t<\/div>\n\t\t\t\t<figcaption class='wp-caption-text gallery-caption' id='gallery-1-354'>\n\t\t\t\tBathroom\n\t\t\t\t<\/figcaption><\/figure><figure class='gallery-item'>\n\t\t\t<div class='gallery-icon landscape'>\n\t\t\t\t<a data-elementor-open-lightbox=\"yes\" data-elementor-lightbox-slideshow=\"461e4b1\" data-elementor-lightbox-title=\"Kitchen 1 Fish\" href='https:\/\/hausjessop.com\/wp-content\/uploads\/2020\/09\/Kitchen-1-Fish-scaled.jpg'><img width=\"150\" height=\"150\" src=\"https:\/\/hausjessop.com\/wp-content\/uploads\/2020\/09\/Kitchen-1-Fish-150x150.jpg\" class=\"attachment-thumbnail size-thumbnail\" alt=\"\" loading=\"lazy\" aria-describedby=\"gallery-1-355\" \/><\/a>\n\t\t\t<\/div>\n\t\t\t\t<figcaption class='wp-caption-text gallery-caption' id='gallery-1-355'>\n\t\t\t\tKitchen\n\t\t\t\t<\/figcaption><\/figure>\n\t\t<\/div>\n\t\t<\/div>\n\t\t\t\t<\/div>\n\t\t\t\t<\/div>\n\t\t\t\t\t<\/div>\n\t\t<\/div>\n\t\t\t\t\t\t\t<\/div>\n\t\t<\/section>\n\t\t\t\t<section class=\"elementor-element elementor-element-2517557 elementor-section-boxed elementor-section-height-default elementor-section-height-default elementor-section elementor-top-section\" data-id=\"2517557\" data-element_type=\"section\">\n\t\t\t\t\t\t<div class=\"elementor-container elementor-column-gap-default\">\n\t\t\t\t\t<div class=\"elementor-element elementor-element-83a2686 elementor-column elementor-col-100 elementor-top-column\" data-id=\"83a2686\" data-element_type=\"column\">\n\t\t\t<div class=\"elementor-widget-wrap elementor-element-populated\">\n\t\t\t\t\t\t\t\t<div class=\"elementor-element elementor-element-16789ef elementor-widget elementor-widget-text-editor\" data-id=\"16789ef\" data-element_type=\"widget\" data-widget_type=\"text-editor.default\">\n\t\t\t\t<div class=\"elementor-widget-container\">\n\t\t\t\t\t<div class=\"elementor-text-editor elementor-clearfix\"><p>Erdgeschoss Nr.2\u00a0<\/p><\/div>\n\t\t\t\t<\/div>\n\t\t\t\t<\/div>\n\t\t\t\t\t<\/div>\n\t\t<\/div>\n\t\t\t\t\t\t\t<\/div>\n\t\t<\/section>\n\t\t\t\t<section class=\"elementor-element elementor-element-d277fc1 elementor-section-boxed elementor-section-height-default elementor-section-height-default elementor-section elementor-top-section\" data-id=\"d277fc1\" data-element_type=\"section\">\n\t\t\t\t\t\t<div class=\"elementor-container elementor-column-gap-default\">\n\t\t\t\t\t<div class=\"elementor-element elementor-element-3606f02 elementor-column elementor-col-100 elementor-top-column\" data-id=\"3606f02\" data-element_type=\"column\">\n\t\t\t<div class=\"elementor-widget-wrap elementor-element-populated\">\n\t\t\t\t\t\t\t\t<div class=\"elementor-element elementor-element-5cb40c8 elementor-widget elementor-widget-image-gallery\" data-id=\"5cb40c8\" data-element_type=\"widget\" data-widget_type=\"image-gallery.default\">\n\t\t\t\t<div class=\"elementor-widget-container\">\n\t\t\t\t\t<div class=\"elementor-image-gallery\">\n\t\t\t<div id='gallery-2' class='gallery galleryid-275 gallery-columns-4 gallery-size-thumbnail'><figure class='gallery-item'>\n\t\t\t<div class='gallery-icon landscape'>\n\t\t\t\t<a data-elementor-open-lightbox=\"yes\" data-elementor-lightbox-slideshow=\"5cb40c8\" data-elementor-lightbox-title=\"Bathroom 1\" href='https:\/\/hausjessop.com\/wp-content\/uploads\/2020\/09\/Bathroom-1-1-scaled.jpg'><img width=\"150\" height=\"150\" src=\"https:\/\/hausjessop.com\/wp-content\/uploads\/2020\/09\/Bathroom-1-1-150x150.jpg\" class=\"attachment-thumbnail size-thumbnail\" alt=\"\" loading=\"lazy\" aria-describedby=\"gallery-2-361\" \/><\/a>\n\t\t\t<\/div>\n\t\t\t\t<figcaption class='wp-caption-text gallery-caption' id='gallery-2-361'>\n\t\t\t\tBathroom\n\t\t\t\t<\/figcaption><\/figure><figure class='gallery-item'>\n\t\t\t<div class='gallery-icon landscape'>\n\t\t\t\t<a data-elementor-open-lightbox=\"yes\" data-elementor-lightbox-slideshow=\"5cb40c8\" data-elementor-lightbox-title=\"Bathroom 2\" href='https:\/\/hausjessop.com\/wp-content\/uploads\/2020\/09\/Bathroom-2-1-scaled.jpg'><img width=\"150\" height=\"150\" src=\"https:\/\/hausjessop.com\/wp-content\/uploads\/2020\/09\/Bathroom-2-1-150x150.jpg\" class=\"attachment-thumbnail size-thumbnail\" alt=\"\" loading=\"lazy\" aria-describedby=\"gallery-2-362\" \/><\/a>\n\t\t\t<\/div>\n\t\t\t\t<figcaption class='wp-caption-text gallery-caption' id='gallery-2-362'>\n\t\t\t\tBathroom\n\t\t\t\t<\/figcaption><\/figure><figure class='gallery-item'>\n\t\t\t<div class='gallery-icon landscape'>\n\t\t\t\t<a data-elementor-open-lightbox=\"yes\" data-elementor-lightbox-slideshow=\"5cb40c8\" data-elementor-lightbox-title=\"Kitchen 2\" href='https:\/\/hausjessop.com\/wp-content\/uploads\/2020\/09\/Kitchen-2-1-scaled.jpg'><img width=\"150\" height=\"150\" src=\"https:\/\/hausjessop.com\/wp-content\/uploads\/2020\/09\/Kitchen-2-1-150x150.jpg\" class=\"attachment-thumbnail size-thumbnail\" alt=\"\" loading=\"lazy\" aria-describedby=\"gallery-2-366\" \/><\/a>\n\t\t\t<\/div>\n\t\t\t\t<figcaption class='wp-caption-text gallery-caption' id='gallery-2-366'>\n\t\t\t\tKitchen\n\t\t\t\t<\/figcaption><\/figure><figure class='gallery-item'>\n\t\t\t<div class='gallery-icon landscape'>\n\t\t\t\t<a data-elementor-open-lightbox=\"yes\" data-elementor-lightbox-slideshow=\"5cb40c8\" data-elementor-lightbox-title=\"Kitchen 1\" href='https:\/\/hausjessop.com\/wp-content\/uploads\/2020\/09\/Kitchen-1-1-scaled.jpg'><img width=\"150\" height=\"150\" src=\"https:\/\/hausjessop.com\/wp-content\/uploads\/2020\/09\/Kitchen-1-1-150x150.jpg\" class=\"attachment-thumbnail size-thumbnail\" alt=\"\" loading=\"lazy\" aria-describedby=\"gallery-2-365\" \/><\/a>\n\t\t\t<\/div>\n\t\t\t\t<figcaption class='wp-caption-text gallery-caption' id='gallery-2-365'>\n\t\t\t\tKitchen \n\t\t\t\t<\/figcaption><\/figure><figure class='gallery-item'>\n\t\t\t<div class='gallery-icon landscape'>\n\t\t\t\t<a data-elementor-open-lightbox=\"yes\" data-elementor-lightbox-slideshow=\"5cb40c8\" data-elementor-lightbox-title=\"Bedroom 1\" href='https:\/\/hausjessop.com\/wp-content\/uploads\/2020\/09\/Bedroom-1-scaled.jpg'><img width=\"150\" height=\"150\" src=\"https:\/\/hausjessop.com\/wp-content\/uploads\/2020\/09\/Bedroom-1-150x150.jpg\" class=\"attachment-thumbnail size-thumbnail\" alt=\"\" loading=\"lazy\" aria-describedby=\"gallery-2-363\" \/><\/a>\n\t\t\t<\/div>\n\t\t\t\t<figcaption class='wp-caption-text gallery-caption' id='gallery-2-363'>\n\t\t\t\tBedroom\n\t\t\t\t<\/figcaption><\/figure><figure class='gallery-item'>\n\t\t\t<div class='gallery-icon landscape'>\n\t\t\t\t<a data-elementor-open-lightbox=\"yes\" data-elementor-lightbox-slideshow=\"5cb40c8\" data-elementor-lightbox-title=\"Bedroom 2\" href='https:\/\/hausjessop.com\/wp-content\/uploads\/2020\/09\/Bedroom-2-scaled.jpg'><img width=\"150\" height=\"150\" src=\"https:\/\/hausjessop.com\/wp-content\/uploads\/2020\/09\/Bedroom-2-150x150.jpg\" class=\"attachment-thumbnail size-thumbnail\" alt=\"\" loading=\"lazy\" aria-describedby=\"gallery-2-364\" \/><\/a>\n\t\t\t<\/div>\n\t\t\t\t<figcaption class='wp-caption-text gallery-caption' id='gallery-2-364'>\n\t\t\t\tBedroom\n\t\t\t\t<\/figcaption><\/figure><figure class='gallery-item'>\n\t\t\t<div class='gallery-icon landscape'>\n\t\t\t\t<a data-elementor-open-lightbox=\"yes\" data-elementor-lightbox-slideshow=\"5cb40c8\" data-elementor-lightbox-title=\"Livingroom 1 Fish\" href='https:\/\/hausjessop.com\/wp-content\/uploads\/2020\/09\/Livingroom-1-Fish-scaled.jpg'><img width=\"150\" height=\"150\" src=\"https:\/\/hausjessop.com\/wp-content\/uploads\/2020\/09\/Livingroom-1-Fish-150x150.jpg\" class=\"attachment-thumbnail size-thumbnail\" alt=\"\" loading=\"lazy\" aria-describedby=\"gallery-2-367\" \/><\/a>\n\t\t\t<\/div>\n\t\t\t\t<figcaption class='wp-caption-text gallery-caption' id='gallery-2-367'>\n\t\t\t\tLivingroom\n\t\t\t\t<\/figcaption><\/figure>\n\t\t<\/div>\n\t\t<\/div>\n\t\t\t\t<\/div>\n\t\t\t\t<\/div>\n\t\t\t\t\t<\/div>\n\t\t<\/div>\n\t\t\t\t\t\t\t<\/div>\n\t\t<\/section>\n\t\t\t\t\t\t<\/div>\n\t\t\t\t\t<\/div>","protected":false},"excerpt":{"rendered":"<p>Erdgeschoss Nr.1&nbsp; Wohnzimmer Wohnzimmer Schlafzimmer Schlafzimmer Badezimmer K\u00fcche Erdgeschoss Nr.2&nbsp; Badezimmer Badezimmer K\u00fcche K\u00fcche Schlafzimmer Schlafzimmer Wohnzimmer<\/p>","protected":false},"author":1,"featured_media":0,"parent":0,"menu_order":0,"comment_status":"closed","ping_status":"closed","template":"","meta":[],"_links":{"self":[{"href":"https:\/\/hausjessop.com\/en\/wp-json\/wp\/v2\/pages\/275"}],"collection":[{"href":"https:\/\/hausjessop.com\/en\/wp-json\/wp\/v2\/pages"}],"about":[{"href":"https:\/\/hausjessop.com\/en\/wp-json\/wp\/v2\/types\/page"}],"author":[{"embeddable":true,"href":"https:\/\/hausjessop.com\/en\/wp-json\/wp\/v2\/users\/1"}],"replies":[{"embeddable":true,"href":"https:\/\/hausjessop.com\/en\/wp-json\/wp\/v2\/comments?post=275"}],"version-history":[{"count":3,"href":"https:\/\/hausjessop.com\/en\/wp-json\/wp\/v2\/pages\/275\/revisions"}],"predecessor-version":[{"id":410,"href":"https:\/\/hausjessop.com\/en\/wp-json\/wp\/v2\/pages\/275\/revisions\/410"}],"wp:attachment":[{"href":"https:\/\/hausjessop.com\/en\/wp-json\/wp\/v2\/media?parent=275"}],"curies":[{"name":"wp","href":"https:\/\/api.w.org\/{rel}","templated":true}]}}